{"id":167,"date":"2025-04-07T12:15:23","date_gmt":"2025-04-07T10:15:23","guid":{"rendered":"https:\/\/masolutionmarketing.eu\/?page_id=167"},"modified":"2025-07-09T09:54:57","modified_gmt":"2025-07-09T07:54:57","slug":"conditions-generales","status":"publish","type":"page","link":"https:\/\/masolutionmarketing.eu\/index.php\/conditions-generales\/","title":{"rendered":"Conditions G\u00e9n\u00e9rales"},"content":{"rendered":"\t\t<div data-elementor-type=\"wp-page\" data-elementor-id=\"167\" class=\"elementor elementor-167\">\n\t\t\t\t<div class=\"elementor-element elementor-element-2aa3920b e-con-full e-flex e-con e-parent\" data-id=\"2aa3920b\" data-element_type=\"container\" data-e-type=\"container\">\n\t\t\t\t<div class=\"elementor-element elementor-element-a495d4e elementor-widget elementor-widget-text-editor\" data-id=\"a495d4e\" data-element_type=\"widget\" data-e-type=\"widget\" data-widget_type=\"text-editor.default\">\n\t\t\t\t<div class=\"elementor-widget-container\">\n\t\t\t\t\t\t\t\t\t<p><em>Derni\u00e8re mise \u00e0 jour : <\/em>07 mars 2025<\/p>\n<p><!-- \/wp:paragraph --><!-- wp:list --><\/p>\n<ul>\n<li style=\"list-style-type: none;\">\n<ul><!-- wp:list-item --><\/ul>\n<\/li>\n<\/ul>\n<ul>\n<li style=\"list-style-type: none;\">\n<ul>\n<li>\n<p>Directeur de la publication : Sylvie LANG-MARTIN, maSOLUTIONmarketing\u00a0\u00bb<\/p>\n<\/li>\n<li>\n<p>Responsable de la communication, webmaster : Sylvie LANG-MARTIN<\/p>\n<\/li>\n<li>\n<p>Cr\u00e9dit Photos : PEXEL<\/p>\n<\/li>\n<li>\n<p>Conception graphique : Hestia<\/p>\n<\/li>\n<li>\n<p>H\u00e9bergement : OVH Coud, si\u00e8ge social est situ\u00e9 au [adresse de l&rsquo;h\u00e9bergeur]. T\u00e9l\u00e9phone : [num\u00e9ro de t\u00e9l\u00e9phone de l&rsquo;h\u00e9bergeur].<\/p>\n<\/li>\n<\/ul>\n<\/li>\n<\/ul>\n<p><!-- \/wp:list-item --><!-- wp:list-item --><\/p>\n<p><!-- \/wp:list-item --><!-- wp:list-item --><\/p>\n<p><!-- \/wp:list-item --><!-- wp:list-item --><\/p>\n<p><!-- \/wp:list-item --><!-- wp:list-item --><\/p>\n<p><!-- \/wp:list-item --><\/p>\n<p><!-- \/wp:list --><!-- wp:paragraph --><\/p>\n<p><!-- \/wp:paragraph --><!-- wp:paragraph --><\/p>\n<p><strong>1. Pr\u00e9sentation du site<\/strong><\/p>\n<p>Le site masolutionmarketing.eu est \u00e9dit\u00e9 par MSO &#8211; Sylvie LANG-MARTIN, entreprise Individuelle, immatricul\u00e9e au Registre duCommerce et des Soci\u00e9t\u00e9s de Saverne sous le num\u00e9ros, dont le si\u00e8ge social est situ\u00e9 au 67 rue du Haut-Barr \u00e0 Saverne. Adresse email : contact@masolutionmarketing.eu, t\u00e9l\u00e9phone 0033651114194.<\/p>\n<p><!-- \/wp:paragraph --><!-- wp:paragraph --><\/p>\n<p><!-- \/wp:paragraph --><!-- wp:paragraph --><\/p>\n<p><strong>2. Acceptation des conditions d&rsquo;utilisation<\/strong><\/p>\n<p><!-- \/wp:paragraph --><!-- wp:paragraph --><\/p>\n<p>L&rsquo;acc\u00e8s et l&rsquo;utilisation du site masolutionmarketing.eu sont soumis aux pr\u00e9sentes Conditions G\u00e9n\u00e9rales d&rsquo;Utilisation. En naviguant sur ce site, vous reconnaissez avoir pris connaissance de ces conditions et acceptez de vous y conformer.<\/p>\n<p><!-- \/wp:paragraph --><!-- wp:paragraph --><\/p>\n<p><strong>3. Acc\u00e8s au site<\/strong><\/p>\n<p><!-- \/wp:paragraph --><!-- wp:paragraph --><\/p>\n<p>Le site est accessible gratuitement en tout lieu \u00e0 tout utilisateur disposant d&rsquo;un acc\u00e8s \u00e0 Internet. Tous les frais support\u00e9s par l&rsquo;utilisateur pour acc\u00e9der au service (mat\u00e9riel informatique, logiciels, connexion Internet, etc.) sont \u00e0 sa charge.<\/p>\n<p><!-- \/wp:paragraph --><!-- wp:paragraph --><\/p>\n<p><strong>4. Cr\u00e9ation d&rsquo;un compte<\/strong><\/p>\n<p><!-- \/wp:paragraph --><!-- wp:paragraph --><\/p>\n<p>Certaines fonctionnalit\u00e9s du site peuvent n\u00e9cessiter la cr\u00e9ation d&rsquo;un compte utilisateur. Lors de l&rsquo;inscription, vous vous engagez \u00e0 fournir des informations exactes et \u00e0 jour. Vous \u00eates responsable de la confidentialit\u00e9 de vos identifiants de connexion et de toutes les activit\u00e9s effectu\u00e9es sous votre compte.<\/p>\n<p><!-- \/wp:paragraph --><!-- wp:paragraph --><\/p>\n<p><strong>5. Propri\u00e9t\u00e9 intellectuelle<\/strong><\/p>\n<p><!-- \/wp:paragraph --><!-- wp:paragraph --><\/p>\n<p>Tous les contenus pr\u00e9sents sur le site, incluant, de fa\u00e7on non limitative, les graphismes, images, textes, vid\u00e9os, animations, sons, logos, gifs et ic\u00f4nes ainsi que leur mise en forme sont la propri\u00e9t\u00e9 exclusive de MarketingOperationalStrategic, \u00e0 l&rsquo;exception des marques, logos ou contenus appartenant \u00e0 d&rsquo;autres soci\u00e9t\u00e9s partenaires ou auteurs.<\/p>\n<p><!-- \/wp:paragraph --><!-- wp:paragraph --><\/p>\n<p><strong>6. Donn\u00e9es personnelles<\/strong><\/p>\n<p><!-- \/wp:paragraph --><!-- wp:paragraph --><\/p>\n<p>MarketingOperationalStrategic s&rsquo;engage \u00e0 ce que la collecte et le traitement de vos donn\u00e9es, effectu\u00e9s \u00e0 partir du site masolutionmarketing.eu, soient conformes au R\u00e8glement G\u00e9n\u00e9ral sur la Protection des Donn\u00e9es (RGPD). Pour plus d&rsquo;informations sur la mani\u00e8re dont nous traitons vos donn\u00e9es personnelles et sur vos droits, veuillez consulter notre Politique de Confidentialit\u00e9.<\/p>\n<p><!-- \/wp:paragraph --><!-- wp:paragraph --><\/p>\n<p><strong>7. Responsabilit\u00e9s<\/strong><\/p>\n<p><!-- \/wp:paragraph --><!-- wp:paragraph --><\/p>\n<p>[Nom de l&rsquo;entreprise] s&rsquo;efforce de fournir des informations aussi pr\u00e9cises que possible sur le site. Toutefois, il ne pourra \u00eatre tenu responsable des omissions, des inexactitudes et des carences dans la mise \u00e0 jour. L&rsquo;utilisateur est responsable de son \u00e9quipement et de son utilisation, ainsi que des dommages directs ou indirects qu&rsquo;il pourrait subir du fait de l&rsquo;acc\u00e8s au site.<\/p>\n<p><!-- \/wp:paragraph --><!-- wp:paragraph --><\/p>\n<p><strong>8. Liens hypertextes<\/strong><\/p>\n<p><!-- \/wp:paragraph --><!-- wp:paragraph --><\/p>\n<p>Le site peut contenir des liens hypertextes vers d&rsquo;autres sites pr\u00e9sents sur le r\u00e9seau Internet. Les liens vers ces autres ressources vous font quitter le site masolutionmarketing.eu. Il est possible de cr\u00e9er un lien vers la page de pr\u00e9sentation de ce site sans autorisation expresse de MarketingOperationalStrategic. Aucune autorisation ou demande d&rsquo;information pr\u00e9alable ne peut \u00eatre exig\u00e9e par l&rsquo;\u00e9diteur \u00e0 l&rsquo;\u00e9gard d&rsquo;un site qui souhaite \u00e9tablir un lien vers le site de l&rsquo;\u00e9diteur.<\/p>\n<p><!-- \/wp:paragraph --><!-- wp:paragraph --><\/p>\n<p><strong>9. Cookies<\/strong><\/p>\n<p><!-- \/wp:paragraph --><!-- wp:paragraph --><\/p>\n<p>Le site masolutionmarketing.eu peut-\u00eatre amen\u00e9 \u00e0 vous demander l\u2019acceptation des cookies pour des besoins de statistiques et d&rsquo;affichage. Un cookie est une information d\u00e9pos\u00e9e sur votre disque dur par le serveur du site que vous visitez.<\/p>\n<p><!-- \/wp:paragraph --><!-- wp:paragraph --><\/p>\n<p><strong>10. Modification des CGU<\/strong><\/p>\n<p><!-- \/wp:paragraph --><!-- wp:paragraph --><\/p>\n<p>MarketingOperationalStrategic se r\u00e9serve le droit de modifier les termes, conditions et mentions du pr\u00e9sent contrat \u00e0 tout moment. Il est ainsi conseill\u00e9 \u00e0 l&rsquo;utilisateur de consulter r\u00e9guli\u00e8rement la derni\u00e8re version des Conditions G\u00e9n\u00e9rales d&rsquo;Utilisation disponible sur le site.<\/p>\n<p><!-- \/wp:paragraph --><!-- wp:paragraph --><\/p>\n<p><strong>11. Droit applicable et juridiction comp\u00e9tente<\/strong><\/p>\n<p><!-- \/wp:paragraph --><!-- wp:paragraph --><\/p>\n<p>Les pr\u00e9sentes conditions du site masolutionmarketing.eu sont r\u00e9gies par les lois fran\u00e7aises et toute contestation ou litige qui pourraient na\u00eetre de l&rsquo;interpr\u00e9tation ou de l&rsquo;ex\u00e9cution de celles-ci seront de la comp\u00e9tence exclusive des tribunaux dont d\u00e9pend le si\u00e8ge social de l&rsquo;entreprise. La langue de r\u00e9f\u00e9rence, pour le r\u00e8glement de contentieux \u00e9ventuels, est le fran\u00e7ais.<\/p>\n<p><!-- \/wp:paragraph --><\/p>\t\t\t\t\t\t\t\t<\/div>\n\t\t\t\t<\/div>\n\t\t\t\t<\/div>\n\t\t\t\t<\/div>\n\t\t","protected":false},"excerpt":{"rendered":"<p>Derni\u00e8re mise \u00e0 jour : 07 mars 2025 Directeur de la publication : Sylvie LANG-MARTIN, maSOLUTIONmarketing\u00a0\u00bb Responsable de la communication, webmaster : Sylvie LANG-MARTIN Cr\u00e9dit Photos : PEXEL Conception graphique : Hestia H\u00e9bergement : OVH Coud, si\u00e8ge social est situ\u00e9 au [adresse de l&rsquo;h\u00e9bergeur]. T\u00e9l\u00e9phone : [num\u00e9ro de t\u00e9l\u00e9phone de l&rsquo;h\u00e9bergeur]. 1. Pr\u00e9sentation du site&#8230;<\/p>\n","protected":false},"author":1,"featured_media":0,"parent":0,"menu_order":5,"comment_status":"closed","ping_status":"closed","template":"","meta":{"_crdt_document":"","_kad_post_transparent":"","_kad_post_title":"","_kad_post_layout":"","_kad_post_sidebar_id":"","_kad_post_content_style":"","_kad_post_vertical_padding":"","_kad_post_feature":"","_kad_post_feature_position":"","_kad_post_header":false,"_kad_post_footer":false,"footnotes":""},"class_list":["post-167","page","type-page","status-publish","hentry"],"yoast_head":"<!-- This site is optimized with the Yoast SEO plugin v27.4 - https:\/\/yoast.com\/product\/yoast-seo-wordpress\/ -->\n<title>Conditions G\u00e9n\u00e9rales - MarketingStrategicOperational<\/title>\n<meta name=\"robots\" content=\"index, follow, max-snippet:-1, max-image-preview:large, max-video-preview:-1\" \/>\n<link rel=\"canonical\" href=\"https:\/\/masolutionmarketing.eu\/index.php\/conditions-generales\/\" \/>\n<meta property=\"og:locale\" content=\"fr_FR\" \/>\n<meta property=\"og:type\" content=\"article\" \/>\n<meta property=\"og:title\" content=\"Conditions G\u00e9n\u00e9rales - MarketingStrategicOperational\" \/>\n<meta property=\"og:description\" content=\"Derni\u00e8re mise \u00e0 jour : 07 mars 2025 Directeur de la publication : Sylvie LANG-MARTIN, maSOLUTIONmarketing\u00a0\u00bb Responsable de la communication, webmaster : Sylvie LANG-MARTIN Cr\u00e9dit Photos : PEXEL Conception graphique : Hestia H\u00e9bergement : OVH Coud, si\u00e8ge social est situ\u00e9 au [adresse de l&rsquo;h\u00e9bergeur]. T\u00e9l\u00e9phone : [num\u00e9ro de t\u00e9l\u00e9phone de l&rsquo;h\u00e9bergeur]. 1. Pr\u00e9sentation du site...\" \/>\n<meta property=\"og:url\" content=\"https:\/\/masolutionmarketing.eu\/index.php\/conditions-generales\/\" \/>\n<meta property=\"og:site_name\" content=\"MarketingStrategicOperational\" \/>\n<meta property=\"article:modified_time\" content=\"2025-07-09T07:54:57+00:00\" \/>\n<meta name=\"twitter:card\" content=\"summary_large_image\" \/>\n<meta name=\"twitter:label1\" content=\"Dur\u00e9e de lecture estim\u00e9e\" \/>\n\t<meta name=\"twitter:data1\" content=\"4 minutes\" \/>\n<script type=\"application\/ld+json\" class=\"yoast-schema-graph\">{\"@context\":\"https:\\\/\\\/schema.org\",\"@graph\":[{\"@type\":\"WebPage\",\"@id\":\"https:\\\/\\\/masolutionmarketing.eu\\\/index.php\\\/conditions-generales\\\/\",\"url\":\"https:\\\/\\\/masolutionmarketing.eu\\\/index.php\\\/conditions-generales\\\/\",\"name\":\"Conditions G\u00e9n\u00e9rales - MarketingStrategicOperational\",\"isPartOf\":{\"@id\":\"https:\\\/\\\/masolutionmarketing.eu\\\/#website\"},\"datePublished\":\"2025-04-07T10:15:23+00:00\",\"dateModified\":\"2025-07-09T07:54:57+00:00\",\"breadcrumb\":{\"@id\":\"https:\\\/\\\/masolutionmarketing.eu\\\/index.php\\\/conditions-generales\\\/#breadcrumb\"},\"inLanguage\":\"fr-FR\",\"potentialAction\":[{\"@type\":\"ReadAction\",\"target\":[\"https:\\\/\\\/masolutionmarketing.eu\\\/index.php\\\/conditions-generales\\\/\"]}]},{\"@type\":\"BreadcrumbList\",\"@id\":\"https:\\\/\\\/masolutionmarketing.eu\\\/index.php\\\/conditions-generales\\\/#breadcrumb\",\"itemListElement\":[{\"@type\":\"ListItem\",\"position\":1,\"name\":\"Accueil\",\"item\":\"https:\\\/\\\/masolutionmarketing.eu\\\/\"},{\"@type\":\"ListItem\",\"position\":2,\"name\":\"Conditions G\u00e9n\u00e9rales\"}]},{\"@type\":\"WebSite\",\"@id\":\"https:\\\/\\\/masolutionmarketing.eu\\\/#website\",\"url\":\"https:\\\/\\\/masolutionmarketing.eu\\\/\",\"name\":\"MarketingStrategicOperational\",\"description\":\"\",\"publisher\":{\"@id\":\"https:\\\/\\\/masolutionmarketing.eu\\\/#organization\"},\"potentialAction\":[{\"@type\":\"SearchAction\",\"target\":{\"@type\":\"EntryPoint\",\"urlTemplate\":\"https:\\\/\\\/masolutionmarketing.eu\\\/?s={search_term_string}\"},\"query-input\":{\"@type\":\"PropertyValueSpecification\",\"valueRequired\":true,\"valueName\":\"search_term_string\"}}],\"inLanguage\":\"fr-FR\"},{\"@type\":\"Organization\",\"@id\":\"https:\\\/\\\/masolutionmarketing.eu\\\/#organization\",\"name\":\"MarketingStrategicOperational\",\"url\":\"https:\\\/\\\/masolutionmarketing.eu\\\/\",\"logo\":{\"@type\":\"ImageObject\",\"inLanguage\":\"fr-FR\",\"@id\":\"https:\\\/\\\/masolutionmarketing.eu\\\/#\\\/schema\\\/logo\\\/image\\\/\",\"url\":\"https:\\\/\\\/masolutionmarketing.eu\\\/wp-content\\\/uploads\\\/2025\\\/04\\\/LogoEtroit-MSO-e1743682337171.gif\",\"contentUrl\":\"https:\\\/\\\/masolutionmarketing.eu\\\/wp-content\\\/uploads\\\/2025\\\/04\\\/LogoEtroit-MSO-e1743682337171.gif\",\"width\":466,\"height\":456,\"caption\":\"MarketingStrategicOperational\"},\"image\":{\"@id\":\"https:\\\/\\\/masolutionmarketing.eu\\\/#\\\/schema\\\/logo\\\/image\\\/\"},\"sameAs\":[\"https:\\\/\\\/www.linkedin.com\\\/company\\\/masolutionmarketing\\\/\"]}]}<\/script>\n<!-- \/ Yoast SEO plugin. -->","yoast_head_json":{"title":"Conditions G\u00e9n\u00e9rales - MarketingStrategicOperational","robots":{"index":"index","follow":"follow","max-snippet":"max-snippet:-1","max-image-preview":"max-image-preview:large","max-video-preview":"max-video-preview:-1"},"canonical":"https:\/\/masolutionmarketing.eu\/index.php\/conditions-generales\/","og_locale":"fr_FR","og_type":"article","og_title":"Conditions G\u00e9n\u00e9rales - MarketingStrategicOperational","og_description":"Derni\u00e8re mise \u00e0 jour : 07 mars 2025 Directeur de la publication : Sylvie LANG-MARTIN, maSOLUTIONmarketing\u00a0\u00bb Responsable de la communication, webmaster : Sylvie LANG-MARTIN Cr\u00e9dit Photos : PEXEL Conception graphique : Hestia H\u00e9bergement : OVH Coud, si\u00e8ge social est situ\u00e9 au [adresse de l&rsquo;h\u00e9bergeur]. T\u00e9l\u00e9phone : [num\u00e9ro de t\u00e9l\u00e9phone de l&rsquo;h\u00e9bergeur]. 1. Pr\u00e9sentation du site...","og_url":"https:\/\/masolutionmarketing.eu\/index.php\/conditions-generales\/","og_site_name":"MarketingStrategicOperational","article_modified_time":"2025-07-09T07:54:57+00:00","twitter_card":"summary_large_image","twitter_misc":{"Dur\u00e9e de lecture estim\u00e9e":"4 minutes"},"schema":{"@context":"https:\/\/schema.org","@graph":[{"@type":"WebPage","@id":"https:\/\/masolutionmarketing.eu\/index.php\/conditions-generales\/","url":"https:\/\/masolutionmarketing.eu\/index.php\/conditions-generales\/","name":"Conditions G\u00e9n\u00e9rales - MarketingStrategicOperational","isPartOf":{"@id":"https:\/\/masolutionmarketing.eu\/#website"},"datePublished":"2025-04-07T10:15:23+00:00","dateModified":"2025-07-09T07:54:57+00:00","breadcrumb":{"@id":"https:\/\/masolutionmarketing.eu\/index.php\/conditions-generales\/#breadcrumb"},"inLanguage":"fr-FR","potentialAction":[{"@type":"ReadAction","target":["https:\/\/masolutionmarketing.eu\/index.php\/conditions-generales\/"]}]},{"@type":"BreadcrumbList","@id":"https:\/\/masolutionmarketing.eu\/index.php\/conditions-generales\/#breadcrumb","itemListElement":[{"@type":"ListItem","position":1,"name":"Accueil","item":"https:\/\/masolutionmarketing.eu\/"},{"@type":"ListItem","position":2,"name":"Conditions G\u00e9n\u00e9rales"}]},{"@type":"WebSite","@id":"https:\/\/masolutionmarketing.eu\/#website","url":"https:\/\/masolutionmarketing.eu\/","name":"MarketingStrategicOperational","description":"","publisher":{"@id":"https:\/\/masolutionmarketing.eu\/#organization"},"potentialAction":[{"@type":"SearchAction","target":{"@type":"EntryPoint","urlTemplate":"https:\/\/masolutionmarketing.eu\/?s={search_term_string}"},"query-input":{"@type":"PropertyValueSpecification","valueRequired":true,"valueName":"search_term_string"}}],"inLanguage":"fr-FR"},{"@type":"Organization","@id":"https:\/\/masolutionmarketing.eu\/#organization","name":"MarketingStrategicOperational","url":"https:\/\/masolutionmarketing.eu\/","logo":{"@type":"ImageObject","inLanguage":"fr-FR","@id":"https:\/\/masolutionmarketing.eu\/#\/schema\/logo\/image\/","url":"https:\/\/masolutionmarketing.eu\/wp-content\/uploads\/2025\/04\/LogoEtroit-MSO-e1743682337171.gif","contentUrl":"https:\/\/masolutionmarketing.eu\/wp-content\/uploads\/2025\/04\/LogoEtroit-MSO-e1743682337171.gif","width":466,"height":456,"caption":"MarketingStrategicOperational"},"image":{"@id":"https:\/\/masolutionmarketing.eu\/#\/schema\/logo\/image\/"},"sameAs":["https:\/\/www.linkedin.com\/company\/masolutionmarketing\/"]}]}},"_links":{"self":[{"href":"https:\/\/masolutionmarketing.eu\/index.php\/wp-json\/wp\/v2\/pages\/167","targetHints":{"allow":["GET"]}}],"collection":[{"href":"https:\/\/masolutionmarketing.eu\/index.php\/wp-json\/wp\/v2\/pages"}],"about":[{"href":"https:\/\/masolutionmarketing.eu\/index.php\/wp-json\/wp\/v2\/types\/page"}],"author":[{"embeddable":true,"href":"https:\/\/masolutionmarketing.eu\/index.php\/wp-json\/wp\/v2\/users\/1"}],"replies":[{"embeddable":true,"href":"https:\/\/masolutionmarketing.eu\/index.php\/wp-json\/wp\/v2\/comments?post=167"}],"version-history":[{"count":26,"href":"https:\/\/masolutionmarketing.eu\/index.php\/wp-json\/wp\/v2\/pages\/167\/revisions"}],"predecessor-version":[{"id":1801,"href":"https:\/\/masolutionmarketing.eu\/index.php\/wp-json\/wp\/v2\/pages\/167\/revisions\/1801"}],"wp:attachment":[{"href":"https:\/\/masolutionmarketing.eu\/index.php\/wp-json\/wp\/v2\/media?parent=167"}],"curies":[{"name":"wp","href":"https:\/\/api.w.org\/{rel}","templated":true}]}}